{"id":1763,"date":"2018-10-10T07:20:11","date_gmt":"2018-10-09T22:20:11","guid":{"rendered":"https:\/\/www.rie.london\/?page_id=1763"},"modified":"2019-09-03T01:06:23","modified_gmt":"2019-09-02T16:06:23","slug":"testimonials","status":"publish","type":"page","link":"https:\/\/www.rie.london\/en\/testimonials","title":{"rendered":"TESTIMONIALS"},"content":{"rendered":"<p><\/p>\n<div class=\"ns-box-square\" style=\"border-style: solid; border-color: #aaaaaa; background-color: #fafafa;\">\n<p>Once again we had great feedback from the Japanese and the Chairman of the meeting regarding Rie\u2019s work. I would be grateful if you could let her know and pass on my thanks. I look forward to working with Rie again in the future.<\/p>\n<p>(company secretary, at an organisation in the management and transport of nuclear fuels)<\/p>\n<\/div>\n<div class=\"ns-box-square\" style=\"border-style: solid; border-color: #aaaaaa; background-color: #fafafa;\">\n<p>Rie and I worked together at Konami Digital Entertainment where she was the official Interpreter and Translator of the European Branch. Rie is a very professional interpreter with a passion for her job. Even when she was faced with a subject that was new to her, she did her best to pick up all the necessary knowledge as quickly as possible to deliver an outstanding work. On top of that, she also kindly offered to gave me some basic Japanese lessons that helped me on my communication with other Japanese colleagues. Rie would definitely be an asset to any team.<\/p>\n<p>(Aitor Roda, Studios Operations Director at Starbreeze Studios)<\/p>\n<\/div>\n<div class=\"ns-box-square\" style=\"border-style: solid; border-color: #aaaaaa; background-color: #fafafa;\">\n<p><em>Very impressed by your translation&#8217;s style; warm and interesting to read.<\/em><\/p>\n<p>(Junko Kimura<span class=\"s1\">,<\/span> TCS Deputy Director)<\/p>\n<\/div>\n<div class=\"ns-box-square\" style=\"border-style: solid; border-color: #aaaaaa; background-color: #fafafa;\">\n<p><span class=\"lt-line-clamp__line\">Rie was a phenomenal mentor to me during my studies at <\/span><span class=\"lt-line-clamp__line\">Middlesex University. She assisted me with my Japanese writing <\/span><span class=\"lt-line-clamp__line\">and taught me different ways of making my writing sound and <\/span><span class=\"lt-line-clamp__line\">feel more native and less stilted. She was a joy to work with <\/span><span class=\"lt-line-clamp__line lt-line-clamp__line--last\">whenever we had our sessions, and I am entirely grateful to her.<\/span><\/p>\n<p>(J\u00f3na Bj\u00f6rk J\u00f3nsd\u00f3ttir, Exhibition Manager at the National Museum of Iceland &amp; Translator, Proofreader, and Editor)<\/p>\n<\/div>\n<div class=\"ns-box-square\" style=\"border-style: solid; border-color: #aaaaaa; background-color: #fafafa;\">\n<p>Rie san is the most fluent and talented translator I have ever met or worked with. She has an eye for detail and is sensitive to the gist of meaning and the nuances of the texts she translated for APRICOT NPO for the children of Tohoku.<\/p>\n<p>She has very kindly joined us and contributes excellent translations for APRICOT NPO&#8217;s website and does this, the same as the other highly talented and humane professionals, who make up a coalition of volunteers who volunteer their services free with the goal of raising funding for caring mental health care for supporting the surviving children of the triple disaster in Japan in 2011.<\/p>\n<p>Rie&#8217;s translations are matched perfectly to reflect the &#8216;atmosphere&#8217; of the English text. I unhesitatingly recommend Rie&#8217;s services for any Japanese English translation work. We are very lucky to have her with us on the APRICOT NPO team.<\/p>\n<p>(Andrew Grimes, CEO at APRICOT, Allied Psychotherapy Relief Initiative for the Children Of Tohoku, and CEO of Tokyo Counseling Services)<\/p>\n<\/div>\n<div class=\"ns-box-square\" style=\"border-style: solid; border-color: #aaaaaa; background-color: #fafafa;\">\n<p><span class=\"lt-line-clamp__line\">Rie&#8217;s command of English and Japanese is impeccable. Her<\/span><span class=\"lt-line-clamp__line\"> English accent is admirable. I recommend her whole-heartedly <\/span><span class=\"lt-line-clamp__line\">and without reservation. She has a good and detailed mind and <\/span><span class=\"lt-line-clamp__line\">she uses it. If you have any specific questions, please do contact <\/span><span class=\"lt-line-clamp__line lt-line-clamp__line--last\">me. <\/span><\/p>\n<p><span class=\"lt-line-clamp__line lt-line-clamp__line--last\">(Linda L Galloway, PhD)<\/span><\/p>\n<\/div>\n<div class=\"ns-box-square\" style=\"border-style: solid; border-color: #aaaaaa; background-color: #fafafa;\">\n<p><span class=\"lt-line-clamp__line\">Rie is a true simultaneous translator. Well prepared in the topic to <\/span><span class=\"lt-line-clamp__line\">be presented for live TV, and a very attractive well groomed <\/span><span class=\"lt-line-clamp__line\">presenter. She interacts easily between Japanese and<\/span><span class=\"lt-line-clamp__line lt-line-clamp__line--last\"> English\/American cultures.<\/span><\/p>\n<p>(Lisbeth Beise, Independent Design Professional)<\/p>\n<\/div>\n<p><\/p>","protected":false},"excerpt":{"rendered":"<p>Once again we had great feedback from the Japanese and the Chairman of the meeting regarding Rie\u2019s work. I wou\u2026<\/p>\n","protected":false},"author":1,"featured_media":0,"parent":0,"menu_order":0,"comment_status":"closed","ping_status":"closed","template":"","meta":{"advanced_seo_description":"","jetpack_seo_html_title":"","jetpack_seo_noindex":false,"footnotes":""},"class_list":["post-1763","page","type-page","status-publish","hentry"],"jetpack-related-posts":[],"jetpack_shortlink":"https:\/\/wp.me\/PbLWmG-sr","jetpack_sharing_enabled":true,"jetpack_likes_enabled":true,"_links":{"self":[{"href":"https:\/\/www.rie.london\/en\/wp-json\/wp\/v2\/pages\/1763","targetHints":{"allow":["GET"]}}],"collection":[{"href":"https:\/\/www.rie.london\/en\/wp-json\/wp\/v2\/pages"}],"about":[{"href":"https:\/\/www.rie.london\/en\/wp-json\/wp\/v2\/types\/page"}],"author":[{"embeddable":true,"href":"https:\/\/www.rie.london\/en\/wp-json\/wp\/v2\/users\/1"}],"replies":[{"embeddable":true,"href":"https:\/\/www.rie.london\/en\/wp-json\/wp\/v2\/comments?post=1763"}],"version-history":[{"count":24,"href":"https:\/\/www.rie.london\/en\/wp-json\/wp\/v2\/pages\/1763\/revisions"}],"predecessor-version":[{"id":3555,"href":"https:\/\/www.rie.london\/en\/wp-json\/wp\/v2\/pages\/1763\/revisions\/3555"}],"wp:attachment":[{"href":"https:\/\/www.rie.london\/en\/wp-json\/wp\/v2\/media?parent=1763"}],"curies":[{"name":"wp","href":"https:\/\/api.w.org\/{rel}","templated":true}]}}